{"id":303,"date":"2026-05-12T22:26:48","date_gmt":"2026-05-12T21:26:48","guid":{"rendered":"https:\/\/www.sirinmusic.net\/?page_id=303"},"modified":"2026-05-12T23:02:45","modified_gmt":"2026-05-12T22:02:45","slug":"impressum","status":"publish","type":"page","link":"https:\/\/www.sirinmusic.net\/?page_id=303","title":{"rendered":"Impressum"},"content":{"rendered":"<h2>Verantwortlich f\u00fcr diese Seite ist:<\/h2>\n<p>Daria Richter<br \/>\nAm Judenkirchhof 8<br \/>\n30167 Hannover<\/p>\n<p>&nbsp;<\/p>\n<hr>\n<h2>Datenschutz\u00aderkl\u00e4rung<\/h2>\n<h2>1. Datenschutz auf einen Blick<\/h2>\n<h3>Allgemeine Hinweise<\/h3>\n<p>Die folgenden Hinweise geben einen einfachen \u00dcberblick dar\u00fcber,<br \/>\nwas mit Ihren personenbezogenen Daten passiert, wenn Sie diese Website besuchen. Personenbezogene Daten sind<br \/>\nalle Daten, mit denen Sie pers\u00f6nlich identifiziert werden k\u00f6nnen. Ausf\u00fchrliche Informationen zum<br \/>\nThema Datenschutz entnehmen Sie unserer unter diesem Text aufgef\u00fchrten<br \/>\nDatenschutzerkl\u00e4rung.<\/p>\n<h3>Datenerfassung auf dieser Website<\/h3>\n<h4>Wer ist verantwortlich f\u00fcr die Datenerfassung auf dieser<br \/>\nWebsite?<\/h4>\n<p>Die Datenverarbeitung auf dieser Website erfolgt durch den Websitebetreiber. Dessen<br \/>\nKontaktdaten k\u00f6nnen Sie dem Abschnitt \u201eHinweis zur Verantwortlichen Stelle\u201c in dieser<br \/>\nDatenschutzerkl\u00e4rung entnehmen.<\/p>\n<h4>Wie erfassen wir Ihre Daten?<\/h4>\n<p>Ihre Daten werden zum<br \/>\neinen dadurch erhoben, dass Sie uns diese mitteilen. Hierbei kann es sich z.&nbsp;B. um Daten handeln, die Sie in ein<br \/>\nKontaktformular eingeben.<\/p>\n<p>Andere Daten werden automatisch oder nach Ihrer Einwilligung beim Besuch<br \/>\nder Website durch unsere IT-Systeme erfasst. Das sind vor allem technische Daten (z.&nbsp;B. Internetbrowser,<br \/>\nBetriebssystem oder Uhrzeit des Seitenaufrufs). Die Erfassung dieser Daten erfolgt automatisch, sobald Sie diese<br \/>\nWebsite betreten.<\/p>\n<h4>Wof\u00fcr nutzen wir Ihre Daten?<\/h4>\n<p>Ein Teil der Daten wird erhoben, um eine<br \/>\nfehlerfreie Bereitstellung der Website zu gew\u00e4hrleisten. Andere Daten k\u00f6nnen zur Analyse Ihres<br \/>\nNutzerverhaltens verwendet werden. Sofern \u00fcber die Website Vertr\u00e4ge geschlossen oder angebahnt<br \/>\nwerden k\u00f6nnen, werden die \u00fcbermittelten Daten auch f\u00fcr Vertragsangebote, Bestellungen oder<br \/>\nsonstige Auftragsanfragen verarbeitet.<\/p>\n<h4>Welche Rechte haben Sie bez\u00fcglich Ihrer Daten?<\/h4>\n<p>Sie haben jederzeit das Recht, unentgeltlich Auskunft \u00fcber Herkunft, Empf\u00e4nger und Zweck Ihrer<br \/>\ngespeicherten personenbezogenen Daten zu erhalten. Sie haben au\u00dferdem ein Recht, die Berichtigung oder<br \/>\nL\u00f6schung dieser Daten zu verlangen. Wenn Sie eine Einwilligung zur Datenverarbeitung erteilt haben,<br \/>\nk\u00f6nnen Sie diese Einwilligung jederzeit f\u00fcr die Zukunft widerrufen. Au\u00dferdem haben Sie das Recht,<br \/>\nunter bestimmten Umst\u00e4nden die Einschr\u00e4nkung der Verarbeitung Ihrer personenbezogenen Daten zu<br \/>\nverlangen. Des Weiteren steht Ihnen ein Beschwerderecht bei der zust\u00e4ndigen Aufsichtsbeh\u00f6rde<br \/>\nzu.<\/p>\n<p>Hierzu sowie zu weiteren Fragen zum Thema Datenschutz k\u00f6nnen Sie sich jederzeit an uns<br \/>\nwenden.<\/p>\n<h2>2. Hosting<\/h2>\n<p>Wir hosten die Inhalte unserer Website bei folgendem Anbieter:<\/p>\n<h3>All-Inkl<\/h3>\n<p>Anbieter ist die ALL-INKL.COM &#8211; Neue Medien M\u00fcnnich, Inh. Ren\u00e9<br \/>\nM\u00fcnnich, Hauptstra\u00dfe 68, 02742 Friedersdorf (nachfolgend All-Inkl). Details entnehmen Sie der<br \/>\nDatenschutzerkl\u00e4rung von All-Inkl: <a href=\"https:\/\/all-inkl.com\/datenschutzinformationen\/\" target=\"_blank\" rel=\"noopener noreferrer\">https:\/\/all-inkl.com\/datenschutzinformationen\/<\/a>.<\/p>\n<p>Die Verwendung von All-<br \/>\nInkl erfolgt auf Grundlage von Art. 6 Abs. 1 lit. f DSGVO. Wir haben ein berechtigtes Interesse an einer<br \/>\nm\u00f6glichst zuverl\u00e4ssigen Darstellung unserer Website. Sofern eine entsprechende Einwilligung abgefragt<br \/>\nwurde, erfolgt die Verarbeitung ausschlie\u00dflich auf Grundlage von Art. 6 Abs. 1 lit. a DSGVO und \u00a7 25 Abs.<br \/>\n1 TDDDG, soweit die Einwilligung die Speicherung von Cookies oder den Zugriff auf Informationen im<br \/>\nEndger\u00e4t des Nutzers (z.&nbsp;B. Device-Fingerprinting) im Sinne des TDDDG umfasst. Die Einwilligung ist<br \/>\njederzeit widerrufbar.<\/p>\n<h4>Auftragsverarbeitung<\/h4>\n<p>Wir haben einen Vertrag \u00fcber Auftragsverarbeitung (AVV) zur Nutzung<br \/>\ndes oben genannten Dienstes geschlossen. Hierbei handelt es sich um einen datenschutzrechtlich vorgeschriebenen<br \/>\nVertrag, der gew\u00e4hrleistet, dass dieser die personenbezogenen Daten unserer Websitebesucher nur nach<br \/>\nunseren Weisungen und unter Einhaltung der DSGVO verarbeitet.<\/p>\n<h2>3. Allgemeine Hinweise und Pflicht\u00adinformationen<\/h2>\n<h3>Datenschutz<\/h3>\n<p>Die Betreiber dieser Seiten nehmen den Schutz Ihrer pers\u00f6nlichen Daten sehr<br \/>\nernst. Wir behandeln Ihre personenbezogenen Daten vertraulich und entsprechend den gesetzlichen<br \/>\nDatenschutzvorschriften sowie dieser Datenschutzerkl\u00e4rung.<\/p>\n<p>Wenn Sie diese Website benutzen,<br \/>\nwerden verschiedene personenbezogene Daten erhoben. Personenbezogene Daten sind Daten, mit denen Sie<br \/>\npers\u00f6nlich identifiziert werden k\u00f6nnen. Die vorliegende Datenschutzerkl\u00e4rung erl\u00e4utert,<br \/>\nwelche Daten wir erheben und wof\u00fcr wir sie nutzen. Sie erl\u00e4utert auch, wie und zu welchem Zweck das<br \/>\ngeschieht.<\/p>\n<p>Wir weisen darauf hin, dass die Daten\u00fcbertragung im Internet (z.&nbsp;B. bei der<br \/>\nKommunikation per E-Mail) Sicherheitsl\u00fccken aufweisen kann. Ein l\u00fcckenloser Schutz der Daten vor<br \/>\ndem Zugriff durch Dritte ist nicht m\u00f6glich.<\/p>\n<h3>Hinweis zur verantwortlichen Stelle<\/h3>\n<p>Die verantwortliche Stelle f\u00fcr die Datenverarbeitung auf<br \/>\ndieser Website ist:<\/p>\n<p>Daria Richter<br \/>\nAm Judenkirchhof 8<br \/>\n30167 Hannover<\/p>\n<p>Telefon: 0511\/53078503<br \/>\nE-Mail: webmaster@sirinmusic.net<\/p>\n<p>Verantwortliche Stelle ist die nat\u00fcrliche oder juristische Person, die allein oder gemeinsam mit anderen<br \/>\n\u00fcber die Zwecke und Mittel der Verarbeitung von personenbezogenen Daten (z.&nbsp;B. Namen, E-Mail-<br \/>\nAdressen o. \u00c4.) entscheidet.<\/p>\n<h3>Speicherdauer<\/h3>\n<p>Soweit innerhalb dieser Datenschutzerkl\u00e4rung keine speziellere Speicherdauer<br \/>\ngenannt wurde, verbleiben Ihre personenbezogenen Daten bei uns, bis der Zweck f\u00fcr die Datenverarbeitung<br \/>\nentf\u00e4llt. Wenn Sie ein berechtigtes L\u00f6schersuchen geltend machen oder eine Einwilligung zur<br \/>\nDatenverarbeitung widerrufen, werden Ihre Daten gel\u00f6scht, sofern wir keine anderen rechtlich<br \/>\nzul\u00e4ssigen Gr\u00fcnde f\u00fcr die Speicherung Ihrer personenbezogenen Daten haben (z.&nbsp;B. steuer-<br \/>\noder handelsrechtliche Aufbewahrungsfristen); im letztgenannten Fall erfolgt die L\u00f6schung nach Fortfall<br \/>\ndieser Gr\u00fcnde.<\/p>\n<h3>Allgemeine Hinweise zu den Rechtsgrundlagen der Datenverarbeitung auf dieser Website<\/h3>\n<p>Sofern Sie<br \/>\nin die Datenverarbeitung eingewilligt haben, verarbeiten wir Ihre personenbezogenen Daten auf Grundlage von Art.<br \/>\n6 Abs. 1 lit. a DSGVO bzw. Art. 9 Abs. 2 lit. a DSGVO, sofern besondere Datenkategorien nach Art. 9 Abs. 1 DSGVO<br \/>\nverarbeitet werden. Im Falle einer ausdr\u00fccklichen Einwilligung in die \u00dcbertragung personenbezogener<br \/>\nDaten in Drittstaaten erfolgt die Datenverarbeitung au\u00dferdem auf Grundlage von Art. 49 Abs. 1 lit. a DSGVO.<br \/>\nSofern Sie in die Speicherung von Cookies oder in den Zugriff auf Informationen in Ihr Endger\u00e4t (z.&nbsp;B. via<br \/>\nDevice-Fingerprinting) eingewilligt haben, erfolgt die Datenverarbeitung zus\u00e4tzlich auf Grundlage von \u00a7<br \/>\n25 Abs. 1 TDDDG. Die Einwilligung ist jederzeit widerrufbar. Sind Ihre Daten zur Vertragserf\u00fcllung oder zur<br \/>\nDurchf\u00fchrung vorvertraglicher Ma\u00dfnahmen erforderlich, verarbeiten wir Ihre Daten auf Grundlage des<br \/>\nArt. 6 Abs. 1 lit. b DSGVO. Des Weiteren verarbeiten wir Ihre Daten, sofern diese zur Erf\u00fcllung einer<br \/>\nrechtlichen Verpflichtung erforderlich sind auf Grundlage von Art. 6 Abs. 1 lit. c DSGVO. Die Datenverarbeitung<br \/>\nkann ferner auf Grundlage unseres berechtigten Interesses nach Art. 6 Abs. 1 lit. f DSGVO erfolgen. \u00dcber die<br \/>\njeweils im Einzelfall einschl\u00e4gigen Rechtsgrundlagen wird in den folgenden Abs\u00e4tzen dieser<br \/>\nDatenschutzerkl\u00e4rung informiert.<\/p>\n<h3>Empf\u00e4nger von personenbezogenen Daten<\/h3>\n<p>Im Rahmen unserer Gesch\u00e4ftst\u00e4tigkeit<br \/>\narbeiten wir mit verschiedenen externen Stellen zusammen. Dabei ist teilweise auch eine \u00dcbermittlung von<br \/>\npersonenbezogenen Daten an diese externen Stellen erforderlich. Wir geben personenbezogene Daten nur dann an<br \/>\nexterne Stellen weiter, wenn dies im Rahmen einer Vertragserf\u00fcllung erforderlich ist, wenn wir gesetzlich<br \/>\nhierzu verpflichtet sind (z.&nbsp;B. Weitergabe von Daten an Steuerbeh\u00f6rden), wenn wir ein berechtigtes<br \/>\nInteresse nach Art. 6 Abs. 1 lit. f DSGVO an der Weitergabe haben oder wenn eine sonstige Rechtsgrundlage die<br \/>\nDatenweitergabe erlaubt. Beim Einsatz von Auftragsverarbeitern geben wir personenbezogene Daten unserer<br \/>\nKunden nur auf Grundlage eines g\u00fcltigen Vertrags \u00fcber Auftragsverarbeitung weiter. Im Falle einer<br \/>\ngemeinsamen Verarbeitung wird ein Vertrag \u00fcber gemeinsame Verarbeitung geschlossen.<\/p>\n<h3>Widerruf Ihrer Einwilligung zur Datenverarbeitung<\/h3>\n<p>Viele Datenverarbeitungsvorg\u00e4nge sind<br \/>\nnur mit Ihrer ausdr\u00fccklichen Einwilligung m\u00f6glich. Sie k\u00f6nnen eine bereits erteilte Einwilligung<br \/>\njederzeit widerrufen. Die Rechtm\u00e4\u00dfigkeit der bis zum Widerruf erfolgten Datenverarbeitung bleibt vom<br \/>\nWiderruf unber\u00fchrt.<\/p>\n<h3>Widerspruchsrecht gegen die Datenerhebung in besonderen F\u00e4llen sowie gegen Direktwerbung (Art. 21<br \/>\nDSGVO)<\/h3>\n<p>WENN DIE DATENVERARBEITUNG AUF GRUNDLAGE VON ART. 6 ABS. 1 LIT. E ODER F<br \/>\nDSGVO ERFOLGT, HABEN SIE JEDERZEIT DAS RECHT, AUS GR\u00dcNDEN, DIE SICH AUS IHRER<br \/>\nBESONDEREN SITUATION ERGEBEN, GEGEN DIE VERARBEITUNG IHRER PERSONENBEZOGENEN DATEN<br \/>\nWIDERSPRUCH EINZULEGEN; DIES GILT AUCH F\u00dcR EIN AUF DIESE BESTIMMUNGEN GEST\u00dcTZTES<br \/>\nPROFILING. DIE JEWEILIGE RECHTSGRUNDLAGE, AUF DENEN EINE VERARBEITUNG BERUHT, ENTNEHMEN<br \/>\nSIE DIESER DATENSCHUTZERKL\u00c4RUNG. WENN SIE WIDERSPRUCH EINLEGEN, WERDEN WIR IHRE<br \/>\nBETROFFENEN PERSONENBEZOGENEN DATEN NICHT MEHR VERARBEITEN, ES SEI DENN, WIR<br \/>\nK\u00d6NNEN ZWINGENDE SCHUTZW\u00dcRDIGE GR\u00dcNDE F\u00dcR DIE VERARBEITUNG<br \/>\nNACHWEISEN, DIE IHRE INTERESSEN, RECHTE UND FREIHEITEN \u00dcBERWIEGEN ODER DIE<br \/>\nVERARBEITUNG DIENT DER GELTENDMACHUNG, AUS\u00dcBUNG ODER VERTEIDIGUNG VON<br \/>\nRECHTSANSPR\u00dcCHEN (WIDERSPRUCH NACH ART. 21 ABS. 1 DSGVO).<\/p>\n<p>WERDEN IHRE<br \/>\nPERSONENBEZOGENEN DATEN VERARBEITET, UM DIREKTWERBUNG ZU BETREIBEN, SO HABEN SIE DAS<br \/>\nRECHT, JEDERZEIT WIDERSPRUCH GEGEN DIE VERARBEITUNG SIE BETREFFENDER PERSONENBEZOGENER<br \/>\nDATEN ZUM ZWECKE DERARTIGER WERBUNG EINZULEGEN; DIES GILT AUCH F\u00dcR DAS PROFILING,<br \/>\nSOWEIT ES MIT SOLCHER DIREKTWERBUNG IN VERBINDUNG STEHT. WENN SIE WIDERSPRECHEN,<br \/>\nWERDEN IHRE PERSONENBEZOGENEN DATEN ANSCHLIESSEND NICHT MEHR ZUM ZWECKE DER<br \/>\nDIREKTWERBUNG VERWENDET (WIDERSPRUCH NACH ART. 21 ABS. 2 DSGVO).<\/p>\n<h3>Beschwerde\u00adrecht bei der zust\u00e4ndigen Aufsichts\u00adbeh\u00f6rde<\/h3>\n<p>Im Falle von<br \/>\nVerst\u00f6\u00dfen gegen die DSGVO steht den Betroffenen ein Beschwerderecht bei einer<br \/>\nAufsichtsbeh\u00f6rde, insbesondere in dem Mitgliedstaat ihres gew\u00f6hnlichen Aufenthalts, ihres<br \/>\nArbeitsplatzes oder des Orts des mutma\u00dflichen Versto\u00dfes zu. Das Beschwerderecht besteht<br \/>\nunbeschadet anderweitiger verwaltungsrechtlicher oder gerichtlicher Rechtsbehelfe.<\/p>\n<h3>Recht auf Daten\u00ad\u00fcbertrag\u00adbarkeit<\/h3>\n<p>Sie haben das Recht, Daten, die wir auf Grundlage<br \/>\nIhrer Einwilligung oder in Erf\u00fcllung eines Vertrags automatisiert verarbeiten, an sich oder an einen Dritten in<br \/>\neinem g\u00e4ngigen, maschinenlesbaren Format aush\u00e4ndigen zu lassen. Sofern Sie die direkte<br \/>\n\u00dcbertragung der Daten an einen anderen Verantwortlichen verlangen, erfolgt dies nur, soweit es technisch<br \/>\nmachbar ist.<\/p>\n<h3>Auskunft, Berichtigung und L\u00f6schung<\/h3>\n<p>Sie haben im Rahmen der geltenden gesetzlichen<br \/>\nBestimmungen jederzeit das Recht auf unentgeltliche Auskunft \u00fcber Ihre gespeicherten personenbezogenen<br \/>\nDaten, deren Herkunft und Empf\u00e4nger und den Zweck der Datenverarbeitung und ggf. ein Recht auf<br \/>\nBerichtigung oder L\u00f6schung dieser Daten. Hierzu sowie zu weiteren Fragen zum Thema personenbezogene<br \/>\nDaten k\u00f6nnen Sie sich jederzeit an uns wenden.<\/p>\n<h3>Recht auf Einschr\u00e4nkung der Verarbeitung<\/h3>\n<p>Sie haben das Recht, die Einschr\u00e4nkung der<br \/>\nVerarbeitung Ihrer personenbezogenen Daten zu verlangen. Hierzu k\u00f6nnen Sie sich jederzeit an uns wenden.<br \/>\nDas Recht auf Einschr\u00e4nkung der Verarbeitung besteht in folgenden F\u00e4llen:<\/p>\n<ul>\n<li>Wenn Sie die<br \/>\nRichtigkeit Ihrer bei uns gespeicherten personenbezogenen Daten bestreiten, ben\u00f6tigen wir in der Regel Zeit,<br \/>\num dies zu \u00fcberpr\u00fcfen. F\u00fcr die Dauer der Pr\u00fcfung haben Sie das Recht, die<br \/>\nEinschr\u00e4nkung der Verarbeitung Ihrer personenbezogenen Daten zu verlangen.<\/li>\n<li>Wenn die<br \/>\nVerarbeitung Ihrer personenbezogenen Daten unrechtm\u00e4\u00dfig geschah\/geschieht, k\u00f6nnen Sie statt<br \/>\nder L\u00f6schung die Einschr\u00e4nkung der Datenverarbeitung verlangen.<\/li>\n<li>Wenn wir Ihre<br \/>\npersonenbezogenen Daten nicht mehr ben\u00f6tigen, Sie sie jedoch zur Aus\u00fcbung, Verteidigung oder<br \/>\nGeltendmachung von Rechtsanspr\u00fcchen ben\u00f6tigen, haben Sie das Recht, statt der L\u00f6schung die<br \/>\nEinschr\u00e4nkung der Verarbeitung Ihrer personenbezogenen Daten zu verlangen.<\/li>\n<li>Wenn Sie einen<br \/>\nWiderspruch nach Art. 21 Abs. 1 DSGVO eingelegt haben, muss eine Abw\u00e4gung zwischen Ihren und unseren<br \/>\nInteressen vorgenommen werden. Solange noch nicht feststeht, wessen Interessen \u00fcberwiegen, haben Sie das<br \/>\nRecht, die Einschr\u00e4nkung der Verarbeitung Ihrer personenbezogenen Daten zu verlangen.<\/li>\n<\/ul>\n<p>Wenn Sie die Verarbeitung Ihrer personenbezogenen Daten eingeschr\u00e4nkt haben, d\u00fcrfen diese<br \/>\nDaten \u2013 von ihrer Speicherung abgesehen \u2013 nur mit Ihrer Einwilligung oder zur Geltendmachung,<br \/>\nAus\u00fcbung oder Verteidigung von Rechtsanspr\u00fcchen oder zum Schutz der Rechte einer anderen<br \/>\nnat\u00fcrlichen oder juristischen Person oder aus Gr\u00fcnden eines wichtigen \u00f6ffentlichen Interesses der<br \/>\nEurop\u00e4ischen Union oder eines Mitgliedstaats verarbeitet werden.<\/p>\n<h3>SSL- bzw. TLS-Verschl\u00fcsselung<\/h3>\n<p>Diese Seite nutzt aus Sicherheitsgr\u00fcnden und zum Schutz<br \/>\nder \u00dcbertragung vertraulicher Inhalte, wie zum Beispiel Bestellungen oder Anfragen, die Sie an uns als<br \/>\nSeitenbetreiber senden, eine SSL- bzw. TLS-Verschl\u00fcsselung. Eine verschl\u00fcsselte Verbindung erkennen<br \/>\nSie daran, dass die Adresszeile des Browsers von \u201ehttp:\/\/\u201c auf \u201ehttps:\/\/\u201c wechselt und<br \/>\nan dem Schloss-Symbol in Ihrer Browserzeile.<\/p>\n<p>Wenn die SSL- bzw. TLS-Verschl\u00fcsselung aktiviert ist,<br \/>\nk\u00f6nnen die Daten, die Sie an uns \u00fcbermitteln, nicht von Dritten mitgelesen werden.<\/p>\n<h2>4. Datenerfassung auf dieser Website<\/h2>\n<h3>Cookies<\/h3>\n<p>Unsere Internetseiten verwenden so genannte \u201eCookies\u201c. Cookies sind kleine<br \/>\nDatenpakete und richten auf Ihrem Endger\u00e4t keinen Schaden an. Sie werden entweder vor\u00fcbergehend<br \/>\nf\u00fcr die Dauer einer Sitzung (Session-Cookies) oder dauerhaft (permanente Cookies) auf Ihrem Endger\u00e4t<br \/>\ngespeichert. Session-Cookies werden nach Ende Ihres Besuchs automatisch gel\u00f6scht. Permanente Cookies<br \/>\nbleiben auf Ihrem Endger\u00e4t gespeichert, bis Sie diese selbst l\u00f6schen oder eine automatische<br \/>\nL\u00f6schung durch Ihren Webbrowser erfolgt.<\/p>\n<p>Cookies k\u00f6nnen von uns (First-Party-Cookies) oder<br \/>\nvon Drittunternehmen stammen (sog. Third-Party-Cookies). Third-Party-Cookies erm\u00f6glichen die Einbindung<br \/>\nbestimmter Dienstleistungen von Drittunternehmen innerhalb von Webseiten (z.&nbsp;B. Cookies zur Abwicklung<br \/>\nvon Zahlungsdienstleistungen).<\/p>\n<p>Cookies haben verschiedene Funktionen. Zahlreiche Cookies sind technisch<br \/>\nnotwendig, da bestimmte Webseitenfunktionen ohne diese nicht funktionieren w\u00fcrden (z.&nbsp;B. die<br \/>\nWarenkorbfunktion oder die Anzeige von Videos). Andere Cookies k\u00f6nnen zur Auswertung des<br \/>\nNutzerverhaltens oder zu Werbezwecken verwendet werden.<\/p>\n<p>Cookies, die zur Durchf\u00fchrung des<br \/>\nelektronischen Kommunikationsvorgangs, zur Bereitstellung bestimmter, von Ihnen erw\u00fcnschter Funktionen<br \/>\n(z.&nbsp;B. f\u00fcr die Warenkorbfunktion) oder zur Optimierung der Website (z.&nbsp;B. Cookies zur Messung<br \/>\ndes Webpublikums) erforderlich sind (notwendige Cookies), werden auf Grundlage von Art. 6 Abs. 1 lit. f DSGVO<br \/>\ngespeichert, sofern keine andere Rechtsgrundlage angegeben wird. Der Websitebetreiber hat ein berechtigtes<br \/>\nInteresse an der Speicherung von notwendigen Cookies zur technisch fehlerfreien und optimierten Bereitstellung<br \/>\nseiner Dienste. Sofern eine Einwilligung zur Speicherung von Cookies und vergleichbaren<br \/>\nWiedererkennungstechnologien abgefragt wurde, erfolgt die Verarbeitung ausschlie\u00dflich auf Grundlage dieser<br \/>\nEinwilligung (Art. 6 Abs. 1 lit. a DSGVO und \u00a7 25 Abs. 1 TDDDG); die Einwilligung ist jederzeit widerrufbar.<\/p>\n<p>Sie k\u00f6nnen Ihren Browser so einstellen, dass Sie \u00fcber das Setzen von Cookies informiert werden und<br \/>\nCookies nur im Einzelfall erlauben, die Annahme von Cookies f\u00fcr bestimmte F\u00e4lle oder generell<br \/>\nausschlie\u00dfen sowie das automatische L\u00f6schen der Cookies beim Schlie\u00dfen des Browsers aktivieren.<br \/>\nBei der Deaktivierung von Cookies kann die Funktionalit\u00e4t dieser Website eingeschr\u00e4nkt sein.<\/p>\n<p>Sofern weitere Cookies und Dienste auf dieser Website eingesetzt werden, k\u00f6nnen Sie dies dieser<br \/>\nDatenschutzerkl\u00e4rung entnehmen.<\/p>\n<h3>Server-Log-Dateien<\/h3>\n<p>Der Provider der Seiten erhebt und speichert automatisch Informationen in so<br \/>\ngenannten Server-Log-Dateien, die Ihr Browser automatisch an uns \u00fcbermittelt. Dies sind:<\/p>\n<ul>\n<li>Browsertyp und Browserversion<\/li>\n<li>verwendetes Betriebssystem<\/li>\n<li>Referrer URL<\/li>\n<li>Hostname des zugreifenden Rechners<\/li>\n<li>Uhrzeit der Serveranfrage<\/li>\n<li>IP-Adresse<\/li>\n<\/ul>\n<p>Eine Zusammenf\u00fchrung dieser Daten mit anderen Datenquellen wird nicht vorgenommen.<\/p>\n<p>Die<br \/>\nErfassung dieser Daten erfolgt auf Grundlage von Art. 6 Abs. 1 lit. f DSGVO. Der Websitebetreiber hat ein<br \/>\nberechtigtes Interesse an der technisch fehlerfreien Darstellung und der Optimierung seiner Website \u2013<br \/>\nhierzu m\u00fcssen die Server-Log-Files erfasst werden.<\/p>\n<h2>5. Plugins und Tools<\/h2>\n<h3>YouTube<\/h3>\n<p>Diese Website bindet Videos der Website YouTube ein. Betreiber der Website ist die<br \/>\nGoogle Ireland Limited (\u201eGoogle\u201c), Gordon House, Barrow Street, Dublin 4, Irland.<\/p>\n<p>Wenn Sie<br \/>\neine unserer Webseiten besuchen, auf denen YouTube eingebunden ist, wird eine Verbindung zu den Servern von<br \/>\nYouTube hergestellt. Dabei wird dem YouTube-Server mitgeteilt, welche unserer Seiten Sie besucht haben.<\/p>\n<p>Des Weiteren kann YouTube verschiedene Cookies auf Ihrem Endger\u00e4t speichern oder vergleichbare<br \/>\nTechnologien zur Wiedererkennung verwenden (z.&nbsp;B. Device-Fingerprinting). Auf diese Weise kann YouTube<br \/>\nInformationen \u00fcber Besucher dieser Website erhalten. Diese Informationen werden u.&nbsp;a. verwendet,<br \/>\num Videostatistiken zu erfassen, die Anwenderfreundlichkeit zu verbessern und Betrugsversuchen vorzubeugen.<br \/>\nDes Weiteren werden die erfassten Daten im Google-Werbenetzwerk verarbeitet.<\/p>\n<p>Wenn Sie in Ihrem<br \/>\nYouTube-Account eingeloggt sind, erm\u00f6glichen Sie YouTube, Ihr Surfverhalten direkt Ihrem<br \/>\npers\u00f6nlichen Profil zuzuordnen. Dies k\u00f6nnen Sie verhindern, indem Sie sich aus Ihrem YouTube-Account<br \/>\nausloggen.<\/p>\n<p>Die Nutzung von YouTube erfolgt im Interesse einer ansprechenden Darstellung unserer Online-<br \/>\nAngebote. Dies stellt ein berechtigtes Interesse im Sinne von Art. 6 Abs. 1 lit. f DSGVO dar. Sofern eine<br \/>\nentsprechende Einwilligung abgefragt wurde, erfolgt die Verarbeitung ausschlie\u00dflich auf Grundlage von Art. 6<br \/>\nAbs. 1 lit. a DSGVO und \u00a7 25 Abs. 1 TDDDG, soweit die Einwilligung die Speicherung von Cookies oder den<br \/>\nZugriff auf Informationen im Endger\u00e4t des Nutzers (z.&nbsp;B. Device-Fingerprinting) im Sinne des TDDDG<br \/>\numfasst. Die Einwilligung ist jederzeit widerrufbar.<\/p>\n<p>Weitere Informationen zum Umgang mit Nutzerdaten<br \/>\nfinden Sie in der Datenschutzerkl\u00e4rung von YouTube unter: <a href=\"https:\/\/policies.google.com\/privacy?hl=de\" target=\"_blank\" rel=\"noopener noreferrer\">https:\/\/policies.google.com\/privacy?hl=de<\/a>.<\/p>\n<p>Das Unternehmen verf\u00fcgt \u00fcber eine Zertifizierung nach dem \u201eEU-US Data Privacy<br \/>\nFramework\u201c (DPF). Der DPF ist ein \u00dcbereinkommen zwischen der Europ\u00e4ischen Union und den<br \/>\nUSA, der die Einhaltung europ\u00e4ischer Datenschutzstandards bei Datenverarbeitungen in den USA<br \/>\ngew\u00e4hrleisten soll. Jedes nach dem DPF zertifizierte Unternehmen verpflichtet sich, diese<br \/>\nDatenschutzstandards einzuhalten. Weitere Informationen hierzu erhalten Sie vom Anbieter unter folgendem Link:<br \/>\n<a href=\"https:\/\/www.dataprivacyframework.gov\/participant\/5780\" target=\"_blank\" rel=\"noopener noreferrer\">https:\/\/www.dataprivacyframework.gov\/participant\/5780<\/a>.<\/p>\n<h3>Spotify<\/h3>\n<p>Auf dieser Website sind Funktionen des Musik-Dienstes Spotify eingebunden. Anbieter ist<br \/>\ndie Spotify AB, Birger Jarlsgatan 61, 113 56 Stockholm in Schweden. Die Spotify Plugins erkennen Sie an dem<br \/>\ngr\u00fcnen Logo auf dieser Website. Eine \u00dcbersicht \u00fcber die Spotify-Plugins finden Sie unter: <a href=\"https:\/\/developer.spotify.com\" target=\"_blank\" rel=\"noopener noreferrer\">https:\/\/developer.spotify.com<\/a>.<\/p>\n<p>Dadurch kann beim Besuch dieser Website \u00fcber das<br \/>\nPlugin eine direkte Verbindung zwischen Ihrem Browser und dem Spotify-Server hergestellt werden. Spotify<br \/>\nerh\u00e4lt dadurch die Information, dass Sie mit Ihrer IP-Adresse diese Website besucht haben. Wenn Sie den<br \/>\nSpotify Button anklicken, w\u00e4hrend Sie in Ihrem Spotify-Account eingeloggt sind, k\u00f6nnen Sie die Inhalte<br \/>\ndieser Website auf Ihrem Spotify Profil verlinken. Dadurch kann Spotify den Besuch dieser Website Ihrem<br \/>\nBenutzerkonto zuordnen.<\/p>\n<p>Wir weisen darauf hin, dass bei der Nutzung von Spotify Cookies von Google<br \/>\nAnalytics eingesetzt werden, sodass Ihre Nutzungsdaten bei der Nutzung von Spotify auch an Google weitergegeben<br \/>\nwerden k\u00f6nnen. Google Analytics ist ein Tool des Google-Konzerns zur Analyse des Nutzerverhaltens mit Sitz<br \/>\nin den USA. F\u00fcr diese Einbindung ist allein Spotify verantwortlich. Wir als Websitebetreiber haben auf diese<br \/>\nVerarbeitung keinen Einfluss.<\/p>\n<p>Die Speicherung und Analyse der Daten erfolgt auf Grundlage von Art. 6 Abs.<br \/>\n1 lit. f DSGVO. Der Websitebetreiber hat ein berechtigtes Interesse an der ansprechenden akustischen<br \/>\nAusgestaltung seiner Website. Sofern eine entsprechende Einwilligung abgefragt wurde, erfolgt die Verarbeitung<br \/>\nausschlie\u00dflich auf Grundlage von Art. 6 Abs. 1 lit. a DSGVO und \u00a7 25 Abs. 1 TDDDG, soweit die<br \/>\nEinwilligung die Speicherung von Cookies oder den Zugriff auf Informationen im Endger\u00e4t des Nutzers<br \/>\n(z.&nbsp;B. Device-Fingerprinting) im Sinne des TDDDG umfasst. Die Einwilligung ist jederzeit widerrufbar.<\/p>\n<p>Weitere Informationen hierzu finden Sie in der Datenschutzerkl\u00e4rung von Spotify: <a href=\"https:\/\/www.spotify.com\/de\/legal\/privacy-policy\/\" target=\"_blank\" rel=\"noopener noreferrer\">https:\/\/www.spotify.com\/de\/legal\/privacy-policy\/<\/a>.<\/p>\n<p>Wenn Sie nicht w\u00fcnschen, dass<br \/>\nSpotify den Besuch dieser Website Ihrem Spotify-Nutzerkonto zuordnen kann, loggen Sie sich bitte aus Ihrem<br \/>\nSpotify-Benutzerkonto aus.<\/p>\n<p>Quelle: <a href=\"https:\/\/www.e-recht24.de\">https:\/\/www.e-recht24.de<\/a><\/p>\n","protected":false},"excerpt":{"rendered":"<p>Verantwortlich f\u00fcr diese Seite ist: Daria Richter Am Judenkirchhof 8 30167 Hannover &nbsp; Datenschutz\u00aderkl\u00e4rung 1. Datenschutz auf einen Blick Allgemeine Hinweise Die folgenden Hinweise geben einen einfachen \u00dcberblick dar\u00fcber, was mit Ihren personenbezogenen Daten passiert, wenn Sie diese Website besuchen. &hellip; <a class=\"more-link\" href=\"https:\/\/www.sirinmusic.net\/?page_id=303\">Weiterlesen <span class=\"meta-nav\">&rarr;<\/span><\/a><\/p>\n","protected":false},"author":1,"featured_media":0,"parent":0,"menu_order":0,"comment_status":"closed","ping_status":"closed","template":"","meta":{"ngg_post_thumbnail":0,"footnotes":""},"class_list":["post-303","page","type-page","status-publish","hentry"],"_links":{"self":[{"href":"https:\/\/www.sirinmusic.net\/index.php?rest_route=\/wp\/v2\/pages\/303","targetHints":{"allow":["GET"]}}],"collection":[{"href":"https:\/\/www.sirinmusic.net\/index.php?rest_route=\/wp\/v2\/pages"}],"about":[{"href":"https:\/\/www.sirinmusic.net\/index.php?rest_route=\/wp\/v2\/types\/page"}],"author":[{"embeddable":true,"href":"https:\/\/www.sirinmusic.net\/index.php?rest_route=\/wp\/v2\/users\/1"}],"replies":[{"embeddable":true,"href":"https:\/\/www.sirinmusic.net\/index.php?rest_route=%2Fwp%2Fv2%2Fcomments&post=303"}],"version-history":[{"count":3,"href":"https:\/\/www.sirinmusic.net\/index.php?rest_route=\/wp\/v2\/pages\/303\/revisions"}],"predecessor-version":[{"id":307,"href":"https:\/\/www.sirinmusic.net\/index.php?rest_route=\/wp\/v2\/pages\/303\/revisions\/307"}],"wp:attachment":[{"href":"https:\/\/www.sirinmusic.net\/index.php?rest_route=%2Fwp%2Fv2%2Fmedia&parent=303"}],"curies":[{"name":"wp","href":"https:\/\/api.w.org\/{rel}","templated":true}]}}